{"id":1818,"date":"2020-01-30T22:22:11","date_gmt":"2020-01-30T21:22:11","guid":{"rendered":"https:\/\/beta.iaru-r2.org\/?page_id=1818"},"modified":"2020-02-01T11:22:16","modified_gmt":"2020-02-01T10:22:16","slug":"iaru-emergency-telecommunications-guide","status":"publish","type":"page","link":"https:\/\/www.iaru-r2.org\/en\/on-the-air\/emergency-communications\/iaru-emergency-telecommunications-guide\/","title":{"rendered":"<span class=\"caps\">IARU<\/span> Emergency Telecommunications Guide"},"content":{"rendered":"<div id=\"post-entry\">\n<div id=\"post-3962\" class=\"post-meta\">\n<div class=\"post-content\">\n<p>The latest version of the <span class=\"caps\">IARU<\/span> Emergency Telecommunications Guide is available for download in the following languages:<\/p>\n<p>English: <a href=\"https:\/\/www.iaru-r2.org\/wp-content\/uploads\/2020\/01\/IARU-Emergency-Telecommunications-Guide.pdf\"><span class=\"caps\">IARU<\/span> Emergency Telecommunications Guide<\/a> (<span class=\"caps\">PDF<\/span>)<\/p>\n<p>Spanish:&nbsp;<a href=\"https:\/\/www.iaru-r2.org\/wp-content\/uploads\/2020\/01\/IARU-Gu\u00eda-para-Telecomunicaciones-de-Emergencia-2016.pdf\">Gu\u00eda de Telecomunicaciones de Emergencia de <span class=\"caps\">IARU<\/span><\/a> (<span class=\"caps\">PDF<\/span>)<\/p>\n<p>Portuguese:&nbsp;<a href=\"https:\/\/www.iaru-r2.org\/wp-content\/uploads\/2020\/01\/Guia-de-Telecomunica\u00e7\u00f5es-de-Emerg\u00eancia-da-IARU.pdf\">Guia de Telecomunica\u00e7\u00f5es de Emerg\u00eancia <span class=\"caps\">IARU<\/span><\/a> (<span class=\"caps\">PDF<\/span>)<\/p>\n<\/div>\n<\/div>\n<\/div>\n","protected":false},"excerpt":{"rendered":"<p>The latest version of the <span class=\"caps\">IARU<\/span> Emergency Telecommunications Guide is available for download in the following languages: English: <span class=\"caps\">IARU<\/span> Emergency Telecommunications Guide (<span class=\"caps\">PDF<\/span>) Spanish:&nbsp;Gu\u00eda de Telecomunicaciones de Emergencia de <span class=\"caps\">IARU<\/span> (<span class=\"caps\">PDF<\/span>) Portuguese:&nbsp;Guia de Telecomunica\u00e7\u00f5es de Emerg\u00eancia <span class=\"caps\">IARU<\/span> (<span class=\"caps\">PDF<\/span>)<\/p>\n","protected":false},"author":12,"featured_media":0,"parent":243,"menu_order":0,"comment_status":"closed","ping_status":"closed","template":"","meta":{"wp_typography_post_enhancements_disabled":false,"footnotes":""},"class_list":["post-1818","page","type-page","status-publish","hentry"],"_links":{"self":[{"href":"https:\/\/www.iaru-r2.org\/en\/wp-json\/wp\/v2\/pages\/1818","targetHints":{"allow":["GET"]}}],"collection":[{"href":"https:\/\/www.iaru-r2.org\/en\/wp-json\/wp\/v2\/pages"}],"about":[{"href":"https:\/\/www.iaru-r2.org\/en\/wp-json\/wp\/v2\/types\/page"}],"author":[{"embeddable":true,"href":"https:\/\/www.iaru-r2.org\/en\/wp-json\/wp\/v2\/users\/12"}],"replies":[{"embeddable":true,"href":"https:\/\/www.iaru-r2.org\/en\/wp-json\/wp\/v2\/comments?post=1818"}],"version-history":[{"count":0,"href":"https:\/\/www.iaru-r2.org\/en\/wp-json\/wp\/v2\/pages\/1818\/revisions"}],"up":[{"embeddable":true,"href":"https:\/\/www.iaru-r2.org\/en\/wp-json\/wp\/v2\/pages\/243"}],"wp:attachment":[{"href":"https:\/\/www.iaru-r2.org\/en\/wp-json\/wp\/v2\/media?parent=1818"}],"curies":[{"name":"wp","href":"https:\/\/api.w.org\/{rel}","templated":true}]}}